{"id":41,"date":"2024-01-30T10:19:02","date_gmt":"2024-01-30T10:19:02","guid":{"rendered":"https:\/\/jm.ee\/pkg\/?page_id=41"},"modified":"2024-03-26T09:45:33","modified_gmt":"2024-03-26T09:45:33","slug":"meist","status":"publish","type":"page","link":"https:\/\/palgard.ee\/en\/meist\/","title":{"rendered":"About us"},"content":{"rendered":"<div data-elementor-type=\"wp-page\" data-elementor-id=\"41\" class=\"elementor elementor-41\" data-elementor-post-type=\"page\">\n\t\t\t\t<div class=\"elementor-element elementor-element-134465ae e-con-full e-flex e-con e-parent\" data-id=\"134465ae\" data-element_type=\"container\" data-settings=\"{&quot;background_background&quot;:&quot;classic&quot;}\">\n\t\t<div class=\"elementor-element elementor-element-42b90026 e-flex e-con-boxed e-con e-child\" data-id=\"42b90026\" data-element_type=\"container\">\n\t\t\t\t\t<div class=\"e-con-inner\">\n\t\t\t\t<div class=\"elementor-element elementor-element-2d788ac7 elementor-widget elementor-widget-heading\" data-id=\"2d788ac7\" data-element_type=\"widget\" data-widget_type=\"heading.default\">\n\t\t\t\t<div class=\"elementor-widget-container\">\n\t\t\t<style>\/*! elementor - v3.23.0 - 25-07-2024 *\/\n.elementor-heading-title{padding:0;margin:0;line-height:1}.elementor-widget-heading .elementor-heading-title[class*=elementor-size-]>a{color:inherit;font-size:inherit;line-height:inherit}.elementor-widget-heading .elementor-heading-title.elementor-size-small{font-size:15px}.elementor-widget-heading .elementor-heading-title.elementor-size-medium{font-size:19px}.elementor-widget-heading .elementor-heading-title.elementor-size-large{font-size:29px}.elementor-widget-heading .elementor-heading-title.elementor-size-xl{font-size:39px}.elementor-widget-heading .elementor-heading-title.elementor-size-xxl{font-size:59px}<\/style><h2 class=\"elementor-heading-title elementor-size-default\">About us<\/h2>\t\t<\/div>\n\t\t\t\t<\/div>\n\t\t\t\t\t<\/div>\n\t\t\t\t<\/div>\n\t\t\t\t<\/div>\n\t\t<div class=\"elementor-element elementor-element-e1e7fbe e-flex e-con-boxed e-con e-parent\" data-id=\"e1e7fbe\" data-element_type=\"container\">\n\t\t\t\t\t<div class=\"e-con-inner\">\n\t\t\t\t<div class=\"elementor-element elementor-element-9db9258 elementor-widget elementor-widget-image\" data-id=\"9db9258\" data-element_type=\"widget\" data-widget_type=\"image.default\">\n\t\t\t\t<div class=\"elementor-widget-container\">\n\t\t\t<style>\/*! elementor - v3.23.0 - 25-07-2024 *\/\n.elementor-widget-image{text-align:center}.elementor-widget-image a{display:inline-block}.elementor-widget-image a img[src$=\".svg\"]{width:48px}.elementor-widget-image img{vertical-align:middle;display:inline-block}<\/style>\t\t\t\t\t\t\t\t\t\t<img fetchpriority=\"high\" decoding=\"async\" width=\"800\" height=\"450\" src=\"https:\/\/palgard.ee\/wp-content\/uploads\/2024\/02\/img-about-us-new-1024x576.png\" class=\"attachment-large size-large wp-image-286\" alt=\"\" srcset=\"https:\/\/palgard.ee\/wp-content\/uploads\/2024\/02\/img-about-us-new-1024x576.png 1024w, https:\/\/palgard.ee\/wp-content\/uploads\/2024\/02\/img-about-us-new-300x169.png 300w, https:\/\/palgard.ee\/wp-content\/uploads\/2024\/02\/img-about-us-new-768x432.png 768w, https:\/\/palgard.ee\/wp-content\/uploads\/2024\/02\/img-about-us-new-1536x864.png 1536w, https:\/\/palgard.ee\/wp-content\/uploads\/2024\/02\/img-about-us-new-18x10.png 18w, https:\/\/palgard.ee\/wp-content\/uploads\/2024\/02\/img-about-us-new.png 1600w\" sizes=\"(max-width: 800px) 100vw, 800px\" \/>\t\t\t\t\t\t\t\t\t\t\t\t\t<\/div>\n\t\t\t\t<\/div>\n\t\t\t\t<div class=\"elementor-element elementor-element-e492f79 elementor-widget elementor-widget-heading\" data-id=\"e492f79\" data-element_type=\"widget\" data-widget_type=\"heading.default\">\n\t\t\t\t<div class=\"elementor-widget-container\">\n\t\t\t<h2 class=\"elementor-heading-title elementor-size-default\">Palgardi Kraana<\/h2>\t\t<\/div>\n\t\t\t\t<\/div>\n\t\t\t\t<div class=\"elementor-element elementor-element-3b27a65 elementor-widget elementor-widget-text-editor\" data-id=\"3b27a65\" data-element_type=\"widget\" data-widget_type=\"text-editor.default\">\n\t\t\t\t<div class=\"elementor-widget-container\">\n\t\t\t<style>\/*! elementor - v3.23.0 - 25-07-2024 *\/\n.elementor-widget-text-editor.elementor-drop-cap-view-stacked .elementor-drop-cap{background-color:#69727d;color:#fff}.elementor-widget-text-editor.elementor-drop-cap-view-framed .elementor-drop-cap{color:#69727d;border:3px solid;background-color:transparent}.elementor-widget-text-editor:not(.elementor-drop-cap-view-default) .elementor-drop-cap{margin-top:8px}.elementor-widget-text-editor:not(.elementor-drop-cap-view-default) .elementor-drop-cap-letter{width:1em;height:1em}.elementor-widget-text-editor .elementor-drop-cap{float:left;text-align:center;line-height:1;font-size:50px}.elementor-widget-text-editor .elementor-drop-cap-letter{display:inline-block}<\/style>\t\t\t\t<h5>Palgard Crane Group<\/h5><p><span style=\"white-space-collapse: preserve;\">PALGARD CRANE GROUP is a group of enterprises rendering loading, unloading, transportation and warehousing services that has evolved from the Swedish enterprise P\u00c5LG\u00c5RD &amp; S\u00d6NER KRAN AB, founded in 1972. This is a family company and its traditions date back to 1957 when the chief founding member of the enterprise began rendering the corresponding services in the Swedish logistics market. The experience that spans over 50 years is the key that has enabled the company to render loading and unloading services offering quality, speed and the best solutions and to successfully expand into the neighbouring countries.<\/span><\/p><p>By now, the main spheres of activity of the group comprise loading and unloading of ships, cargoes at warehouses and terminals, transportation of materials. Also selling and renting hydraulic machines and equipment. In addition we produce metal structures and lifting equipments. Palgard Crane Group is operating in Sweden, Estonia, Latvia and Lithuania.<\/p><h5 class=\"product_title\">Palgardi Kraana O\u00dc<\/h5><p>In order to ensure client satisfaction with the high quality and speed of work standards, as experienced in Scandinavia, the need emerged in the early 1990s for new round timber loading technologies in Estonia, too. Perceiving the demand of its main cooperation partners for a quality loading service in the Baltic States, P\u00e5lg\u00e5rd &amp; S\u00f6ner Kran AB took a risky decision and transported on a ship from Sweden to Estonia the first mobile material handling machine for the purpose of loading at Kunda a ship of the former forest resource procurer, MoDo Skog AB, with round timber. The high quality of loading, the work speed and moderate operational risk convinced the brothers of the usefulness of entering that new developing market.\u00a0<\/p><p class=\" translation-block\">In 1995, the subsidiary company Palgardi Kraana &amp; Transpordi AS was created in Estonia, reregistered in 1997 as Palgardi Kraana O\u00dc.<\/p><p class=\" translation-block\">The main spheres of activity of Palgardi Kraana O\u00dc today are loading\/unloading of cargo with hydraulic cranes at Estonian ports and cargo terminals. The company currently operates in Roomassaare, Virtsu, Heltermaa and Rohuk\u00fcla ports.<\/p><p><b>The cargo handling comprises loading and unloading of round timber, chopped firewood, wood pellets, lumber, chipboards, solid wood panels, peat, gravel, clinker, coke, chalk, rapeseed, grain, metal raw materials, rubber and various metal structures.<\/b><\/p>\t\t\t\t\t\t<\/div>\n\t\t\t\t<\/div>\n\t\t\t\t\t<\/div>\n\t\t\t\t<\/div>\n\t\t<div class=\"elementor-element elementor-element-4443099 e-flex e-con-boxed e-con e-parent\" data-id=\"4443099\" data-element_type=\"container\" data-settings=\"{&quot;background_background&quot;:&quot;classic&quot;}\">\n\t\t\t\t\t<div class=\"e-con-inner\">\n\t\t<div class=\"elementor-element elementor-element-7b593e53 e-flex e-con-boxed e-con e-child\" data-id=\"7b593e53\" data-element_type=\"container\">\n\t\t\t\t\t<div class=\"e-con-inner\">\n\t\t\t\t<div class=\"elementor-element elementor-element-63f1223a elementor-widget elementor-widget-heading\" data-id=\"63f1223a\" data-element_type=\"widget\" data-widget_type=\"heading.default\">\n\t\t\t\t<div class=\"elementor-widget-container\">\n\t\t\t<h2 class=\"elementor-heading-title elementor-size-default\">Group companies<\/h2>\t\t<\/div>\n\t\t\t\t<\/div>\n\t\t<div class=\"elementor-element elementor-element-728bd2d e-flex e-con-boxed e-con e-child\" data-id=\"728bd2d\" data-element_type=\"container\">\n\t\t\t\t\t<div class=\"e-con-inner\">\n\t\t\t\t<div class=\"elementor-element elementor-element-1c8d1332 elementor-widget elementor-widget-text-editor\" data-id=\"1c8d1332\" data-element_type=\"widget\" data-widget_type=\"text-editor.default\">\n\t\t\t\t<div class=\"elementor-widget-container\">\n\t\t\t\t\t\t\t<p>The portfolio of services of the companies belonging to the group includes everything from loading and unloading to warehouse services, transport and the sale and maintenance of related machines and necessary additional equipment.<\/p>\t\t\t\t\t\t<\/div>\n\t\t\t\t<\/div>\n\t\t\t\t\t<\/div>\n\t\t\t\t<\/div>\n\t\t<div class=\"elementor-element elementor-element-637d458 e-flex e-con-boxed e-con e-child\" data-id=\"637d458\" data-element_type=\"container\">\n\t\t\t\t\t<div class=\"e-con-inner\">\n\t\t<div class=\"elementor-element elementor-element-f9e7345 e-flex e-con-boxed e-con e-child\" data-id=\"f9e7345\" data-element_type=\"container\" data-settings=\"{&quot;background_background&quot;:&quot;classic&quot;}\">\n\t\t\t\t\t<div class=\"e-con-inner\">\n\t\t\t\t<div class=\"elementor-element elementor-element-4ce9e7a elementor-widget elementor-widget-image\" data-id=\"4ce9e7a\" data-element_type=\"widget\" data-widget_type=\"image.default\">\n\t\t\t\t<div class=\"elementor-widget-container\">\n\t\t\t\t\t\t\t\t\t\t\t\t\t<img decoding=\"async\" width=\"175\" height=\"50\" src=\"https:\/\/palgard.ee\/wp-content\/uploads\/2024\/02\/logo-exstel.png\" class=\"attachment-full size-full wp-image-275\" alt=\"\" srcset=\"https:\/\/palgard.ee\/wp-content\/uploads\/2024\/02\/logo-exstel.png 175w, https:\/\/palgard.ee\/wp-content\/uploads\/2024\/02\/logo-exstel-18x5.png 18w\" sizes=\"(max-width: 175px) 100vw, 175px\" \/>\t\t\t\t\t\t\t\t\t\t\t\t\t<\/div>\n\t\t\t\t<\/div>\n\t\t\t\t<div class=\"elementor-element elementor-element-f730443 elementor-align-center elementor-widget elementor-widget-button\" data-id=\"f730443\" data-element_type=\"widget\" data-widget_type=\"button.default\">\n\t\t\t\t<div class=\"elementor-widget-container\">\n\t\t\t\t\t<div class=\"elementor-button-wrapper\">\n\t\t\t<a class=\"elementor-button elementor-button-link elementor-size-sm\" href=\"https:\/\/palgard.ee\/en\/meist\/exstel\/\">\n\t\t\t\t\t\t<span class=\"elementor-button-content-wrapper\">\n\t\t\t\t\t\t<span class=\"elementor-button-icon\">\n\t\t\t\t<svg aria-hidden=\"true\" class=\"e-font-icon-svg e-fas-arrow-right\" viewbox=\"0 0 448 512\" xmlns=\"http:\/\/www.w3.org\/2000\/svg\"><path d=\"M190.5 66.9l22.2-22.2c9.4-9.4 24.6-9.4 33.9 0L441 239c9.4 9.4 9.4 24.6 0 33.9L246.6 467.3c-9.4 9.4-24.6 9.4-33.9 0l-22.2-22.2c-9.5-9.5-9.3-25 .4-34.3L311.4 296H24c-13.3 0-24-10.7-24-24v-32c0-13.3 10.7-24 24-24h287.4L190.9 101.2c-9.8-9.3-10-24.8-.4-34.3z\"><\/path><\/svg>\t\t\t<\/span>\n\t\t\t\t\t\t\t\t\t<span class=\"elementor-button-text\">Read more<\/span>\n\t\t\t\t\t<\/span>\n\t\t\t\t\t<\/a>\n\t\t<\/div>\n\t\t\t\t<\/div>\n\t\t\t\t<\/div>\n\t\t\t\t\t<\/div>\n\t\t\t\t<\/div>\n\t\t<div class=\"elementor-element elementor-element-4d44156 e-flex e-con-boxed e-con e-child\" data-id=\"4d44156\" data-element_type=\"container\" data-settings=\"{&quot;background_background&quot;:&quot;classic&quot;}\">\n\t\t\t\t\t<div class=\"e-con-inner\">\n\t\t\t\t<div class=\"elementor-element elementor-element-2662b04 elementor-widget elementor-widget-image\" data-id=\"2662b04\" data-element_type=\"widget\" data-widget_type=\"image.default\">\n\t\t\t\t<div class=\"elementor-widget-container\">\n\t\t\t\t\t\t\t\t\t\t\t\t\t<img decoding=\"async\" width=\"265\" height=\"50\" src=\"https:\/\/palgard.ee\/wp-content\/uploads\/2024\/02\/logo_sbc.png\" class=\"attachment-full size-full wp-image-274\" alt=\"\" srcset=\"https:\/\/palgard.ee\/wp-content\/uploads\/2024\/02\/logo_sbc.png 265w, https:\/\/palgard.ee\/wp-content\/uploads\/2024\/02\/logo_sbc-18x3.png 18w\" sizes=\"(max-width: 265px) 100vw, 265px\" \/>\t\t\t\t\t\t\t\t\t\t\t\t\t<\/div>\n\t\t\t\t<\/div>\n\t\t\t\t<div class=\"elementor-element elementor-element-fdabd19 elementor-align-center elementor-widget elementor-widget-button\" data-id=\"fdabd19\" data-element_type=\"widget\" data-widget_type=\"button.default\">\n\t\t\t\t<div class=\"elementor-widget-container\">\n\t\t\t\t\t<div class=\"elementor-button-wrapper\">\n\t\t\t<a class=\"elementor-button elementor-button-link elementor-size-sm\" href=\"https:\/\/palgard.ee\/en\/meist\/scanbalt-crane\/\">\n\t\t\t\t\t\t<span class=\"elementor-button-content-wrapper\">\n\t\t\t\t\t\t<span class=\"elementor-button-icon\">\n\t\t\t\t<svg aria-hidden=\"true\" class=\"e-font-icon-svg e-fas-arrow-right\" viewbox=\"0 0 448 512\" xmlns=\"http:\/\/www.w3.org\/2000\/svg\"><path d=\"M190.5 66.9l22.2-22.2c9.4-9.4 24.6-9.4 33.9 0L441 239c9.4 9.4 9.4 24.6 0 33.9L246.6 467.3c-9.4 9.4-24.6 9.4-33.9 0l-22.2-22.2c-9.5-9.5-9.3-25 .4-34.3L311.4 296H24c-13.3 0-24-10.7-24-24v-32c0-13.3 10.7-24 24-24h287.4L190.9 101.2c-9.8-9.3-10-24.8-.4-34.3z\"><\/path><\/svg>\t\t\t<\/span>\n\t\t\t\t\t\t\t\t\t<span class=\"elementor-button-text\">Read more<\/span>\n\t\t\t\t\t<\/span>\n\t\t\t\t\t<\/a>\n\t\t<\/div>\n\t\t\t\t<\/div>\n\t\t\t\t<\/div>\n\t\t\t\t\t<\/div>\n\t\t\t\t<\/div>\n\t\t<div class=\"elementor-element elementor-element-c38b2b5 e-flex e-con-boxed e-con e-child\" data-id=\"c38b2b5\" data-element_type=\"container\" data-settings=\"{&quot;background_background&quot;:&quot;classic&quot;}\">\n\t\t\t\t\t<div class=\"e-con-inner\">\n\t\t\t\t<div class=\"elementor-element elementor-element-2f4fa19 elementor-widget elementor-widget-image\" data-id=\"2f4fa19\" data-element_type=\"widget\" data-widget_type=\"image.default\">\n\t\t\t\t<div class=\"elementor-widget-container\">\n\t\t\t\t\t\t\t\t\t\t\t\t\t<img loading=\"lazy\" decoding=\"async\" width=\"119\" height=\"50\" src=\"https:\/\/palgard.ee\/wp-content\/uploads\/2024\/02\/PKT_logo-RGB-neg.png\" class=\"attachment-full size-full wp-image-276\" alt=\"\" srcset=\"https:\/\/palgard.ee\/wp-content\/uploads\/2024\/02\/PKT_logo-RGB-neg.png 119w, https:\/\/palgard.ee\/wp-content\/uploads\/2024\/02\/PKT_logo-RGB-neg-18x8.png 18w\" sizes=\"(max-width: 119px) 100vw, 119px\" \/>\t\t\t\t\t\t\t\t\t\t\t\t\t<\/div>\n\t\t\t\t<\/div>\n\t\t\t\t<div class=\"elementor-element elementor-element-9dcbb9a elementor-align-center elementor-widget elementor-widget-button\" data-id=\"9dcbb9a\" data-element_type=\"widget\" data-widget_type=\"button.default\">\n\t\t\t\t<div class=\"elementor-widget-container\">\n\t\t\t\t\t<div class=\"elementor-button-wrapper\">\n\t\t\t<a class=\"elementor-button elementor-button-link elementor-size-sm\" href=\"https:\/\/palgard.ee\/en\/meist\/pk-terminal\/\">\n\t\t\t\t\t\t<span class=\"elementor-button-content-wrapper\">\n\t\t\t\t\t\t<span class=\"elementor-button-icon\">\n\t\t\t\t<svg aria-hidden=\"true\" class=\"e-font-icon-svg e-fas-arrow-right\" viewbox=\"0 0 448 512\" xmlns=\"http:\/\/www.w3.org\/2000\/svg\"><path d=\"M190.5 66.9l22.2-22.2c9.4-9.4 24.6-9.4 33.9 0L441 239c9.4 9.4 9.4 24.6 0 33.9L246.6 467.3c-9.4 9.4-24.6 9.4-33.9 0l-22.2-22.2c-9.5-9.5-9.3-25 .4-34.3L311.4 296H24c-13.3 0-24-10.7-24-24v-32c0-13.3 10.7-24 24-24h287.4L190.9 101.2c-9.8-9.3-10-24.8-.4-34.3z\"><\/path><\/svg>\t\t\t<\/span>\n\t\t\t\t\t\t\t\t\t<span class=\"elementor-button-text\">Read more<\/span>\n\t\t\t\t\t<\/span>\n\t\t\t\t\t<\/a>\n\t\t<\/div>\n\t\t\t\t<\/div>\n\t\t\t\t<\/div>\n\t\t\t\t\t<\/div>\n\t\t\t\t<\/div>\n\t\t<div class=\"elementor-element elementor-element-af5842d e-flex e-con-boxed e-con e-child\" data-id=\"af5842d\" data-element_type=\"container\" data-settings=\"{&quot;background_background&quot;:&quot;classic&quot;}\">\n\t\t\t\t\t<div class=\"e-con-inner\">\n\t\t\t\t<div class=\"elementor-element elementor-element-fd0a48c elementor-widget elementor-widget-image\" data-id=\"fd0a48c\" data-element_type=\"widget\" data-widget_type=\"image.default\">\n\t\t\t\t<div class=\"elementor-widget-container\">\n\t\t\t\t\t\t\t\t\t\t\t\t\t<img loading=\"lazy\" decoding=\"async\" width=\"119\" height=\"50\" src=\"https:\/\/palgard.ee\/wp-content\/uploads\/2024\/02\/palgards-gemensam-logo-1-1.png\" class=\"attachment-full size-full wp-image-301\" alt=\"\" srcset=\"https:\/\/palgard.ee\/wp-content\/uploads\/2024\/02\/palgards-gemensam-logo-1-1.png 119w, https:\/\/palgard.ee\/wp-content\/uploads\/2024\/02\/palgards-gemensam-logo-1-1-18x8.png 18w\" sizes=\"(max-width: 119px) 100vw, 119px\" \/>\t\t\t\t\t\t\t\t\t\t\t\t\t<\/div>\n\t\t\t\t<\/div>\n\t\t\t\t<div class=\"elementor-element elementor-element-122b62d elementor-align-center elementor-widget elementor-widget-button\" data-id=\"122b62d\" data-element_type=\"widget\" data-widget_type=\"button.default\">\n\t\t\t\t<div class=\"elementor-widget-container\">\n\t\t\t\t\t<div class=\"elementor-button-wrapper\">\n\t\t\t<a class=\"elementor-button elementor-button-link elementor-size-sm\" href=\"https:\/\/palgard.ee\/en\/meist\/palgards\/\">\n\t\t\t\t\t\t<span class=\"elementor-button-content-wrapper\">\n\t\t\t\t\t\t<span class=\"elementor-button-icon\">\n\t\t\t\t<svg aria-hidden=\"true\" class=\"e-font-icon-svg e-fas-arrow-right\" viewbox=\"0 0 448 512\" xmlns=\"http:\/\/www.w3.org\/2000\/svg\"><path d=\"M190.5 66.9l22.2-22.2c9.4-9.4 24.6-9.4 33.9 0L441 239c9.4 9.4 9.4 24.6 0 33.9L246.6 467.3c-9.4 9.4-24.6 9.4-33.9 0l-22.2-22.2c-9.5-9.5-9.3-25 .4-34.3L311.4 296H24c-13.3 0-24-10.7-24-24v-32c0-13.3 10.7-24 24-24h287.4L190.9 101.2c-9.8-9.3-10-24.8-.4-34.3z\"><\/path><\/svg>\t\t\t<\/span>\n\t\t\t\t\t\t\t\t\t<span class=\"elementor-button-text\">Read more<\/span>\n\t\t\t\t\t<\/span>\n\t\t\t\t\t<\/a>\n\t\t<\/div>\n\t\t\t\t<\/div>\n\t\t\t\t<\/div>\n\t\t\t\t\t<\/div>\n\t\t\t\t<\/div>\n\t\t\t\t\t<\/div>\n\t\t\t\t<\/div>\n\t\t\t\t\t<\/div>\n\t\t\t\t<\/div>\n\t\t\t\t\t<\/div>\n\t\t\t\t<\/div>\n\t\t\t\t<\/div>","protected":false},"excerpt":{"rendered":"<p>Meist Palgardi Kraana Palgardi Kraana Grupp PALGARDI KRAANA GRUPP\u00a0on laadimis-, lossimis- ja transporditeenust osutavate ettev\u00f5tete grupp, mis on alguse saanud Rootsi ettev\u00f5ttest P\u00c5LG\u00c5RD &amp; S\u00d6NER KRAN AB, mille asutamisaeg ulatub tagasi 1972 aastasse. Tegemist on perefirmaga, mille traditsioonid ulatuvad koguni 1957. aastasse, kui ettev\u00f5tte peamine asutajaliige alustas vastava teenuse pakkumisega Rootsi logistikaturul. V\u00e4ga pikk erialane [&hellip;]<\/p>","protected":false},"author":1,"featured_media":0,"parent":0,"menu_order":0,"comment_status":"closed","ping_status":"closed","template":"elementor_header_footer","meta":{"inline_featured_image":false,"footnotes":""},"class_list":["post-41","page","type-page","status-publish","hentry"],"_links":{"self":[{"href":"https:\/\/palgard.ee\/en\/wp-json\/wp\/v2\/pages\/41","targetHints":{"allow":["GET"]}}],"collection":[{"href":"https:\/\/palgard.ee\/en\/wp-json\/wp\/v2\/pages"}],"about":[{"href":"https:\/\/palgard.ee\/en\/wp-json\/wp\/v2\/types\/page"}],"author":[{"embeddable":true,"href":"https:\/\/palgard.ee\/en\/wp-json\/wp\/v2\/users\/1"}],"replies":[{"embeddable":true,"href":"https:\/\/palgard.ee\/en\/wp-json\/wp\/v2\/comments?post=41"}],"version-history":[{"count":37,"href":"https:\/\/palgard.ee\/en\/wp-json\/wp\/v2\/pages\/41\/revisions"}],"predecessor-version":[{"id":377,"href":"https:\/\/palgard.ee\/en\/wp-json\/wp\/v2\/pages\/41\/revisions\/377"}],"wp:attachment":[{"href":"https:\/\/palgard.ee\/en\/wp-json\/wp\/v2\/media?parent=41"}],"curies":[{"name":"wp","href":"https:\/\/api.w.org\/{rel}","templated":true}]}}