{"id":334,"date":"2024-03-07T11:25:26","date_gmt":"2024-03-07T11:25:26","guid":{"rendered":"https:\/\/jm.ee\/pkg\/?page_id=334"},"modified":"2024-03-07T11:26:33","modified_gmt":"2024-03-07T11:26:33","slug":"palgards","status":"publish","type":"page","link":"https:\/\/palgard.ee\/en\/meist\/palgards\/","title":{"rendered":"Palgards"},"content":{"rendered":"<div data-elementor-type=\"wp-page\" data-elementor-id=\"334\" class=\"elementor elementor-334\" data-elementor-post-type=\"page\">\n\t\t\t\t<div class=\"elementor-element elementor-element-6a1f5dc1 e-flex e-con-boxed e-con e-parent\" data-id=\"6a1f5dc1\" data-element_type=\"container\">\n\t\t\t\t\t<div class=\"e-con-inner\">\n\t\t<div class=\"elementor-element elementor-element-130663c4 e-con-full e-flex e-con e-child\" data-id=\"130663c4\" data-element_type=\"container\">\n\t\t\t\t<div class=\"elementor-element elementor-element-337ba0df elementor-widget elementor-widget-heading\" data-id=\"337ba0df\" data-element_type=\"widget\" data-widget_type=\"heading.default\">\n\t\t\t\t<div class=\"elementor-widget-container\">\n\t\t\t<style>\/*! elementor - v3.23.0 - 25-07-2024 *\/\n.elementor-heading-title{padding:0;margin:0;line-height:1}.elementor-widget-heading .elementor-heading-title[class*=elementor-size-]>a{color:inherit;font-size:inherit;line-height:inherit}.elementor-widget-heading .elementor-heading-title.elementor-size-small{font-size:15px}.elementor-widget-heading .elementor-heading-title.elementor-size-medium{font-size:19px}.elementor-widget-heading .elementor-heading-title.elementor-size-large{font-size:29px}.elementor-widget-heading .elementor-heading-title.elementor-size-xl{font-size:39px}.elementor-widget-heading .elementor-heading-title.elementor-size-xxl{font-size:59px}<\/style><h2 class=\"elementor-heading-title elementor-size-default\">P\u00e5lg\u00e5rd & S\u00f6ner Kran AB<\/h2>\t\t<\/div>\n\t\t\t\t<\/div>\n\t\t\t\t<div class=\"elementor-element elementor-element-75fc4aea elementor-widget elementor-widget-text-editor\" data-id=\"75fc4aea\" data-element_type=\"widget\" data-widget_type=\"text-editor.default\">\n\t\t\t\t<div class=\"elementor-widget-container\">\n\t\t\t<style>\/*! elementor - v3.23.0 - 25-07-2024 *\/\n.elementor-widget-text-editor.elementor-drop-cap-view-stacked .elementor-drop-cap{background-color:#69727d;color:#fff}.elementor-widget-text-editor.elementor-drop-cap-view-framed .elementor-drop-cap{color:#69727d;border:3px solid;background-color:transparent}.elementor-widget-text-editor:not(.elementor-drop-cap-view-default) .elementor-drop-cap{margin-top:8px}.elementor-widget-text-editor:not(.elementor-drop-cap-view-default) .elementor-drop-cap-letter{width:1em;height:1em}.elementor-widget-text-editor .elementor-drop-cap{float:left;text-align:center;line-height:1;font-size:50px}.elementor-widget-text-editor .elementor-drop-cap-letter{display:inline-block}<\/style>\t\t\t\t<p>At the end of the 1950s, the need developed in Scandinavia for new loading technologies that would ensure fast and quality unloading of round timber from ships. Special hydraulic machines were required for that and Ingemar P\u00e5lg\u00e5rd converted some excavators into the first unique material handling machines and began working with them at different Swedish ports, timber terminals and paper mills.\u00a0<\/p><p class=\" translation-block\"><b>In 1972, P\u00e5lg\u00e5rd &amp; S\u00f6ner Kran AB was founded in Sweden <\/b>and it has by now evolved into an enterprise with long-time traditions and experience in loading, unloading and machinery-building. Today the activities commenced by the father continue and the enterprise is managed by two sons, <b>Michael P\u00e5lg\u00e5rd and Jarl P\u00e5lg\u00e5rd.<\/b><\/p><p>As ship dimensions and cargo capacities grew, the need increased for larger, purpose-built loading machines. Due to the growing demand, P\u00e5lg\u00e5rd began making these as well. The hydraulic loading machines produced by the company over the years complied in every way both with the loading technology requirements and established technical standards.<\/p><p>At the present time, with the <b>experience of more than 50 years<\/b>, the enterprise is able to offer quality, fast and efficient loading and unloading services coupled with the best technical solutions. The proper technical equipment and knowledge resources enable these services to be rendered in the neighbouring countries as well. The company is currently operating at different Swedish ports, paper mills, sawmills and timber warehouses.<\/p><p><b>Key indicators of P\u00e5lg\u00e5rd &amp; S\u00f6ner Kran AB:<br \/><\/b>annab t\u00f6\u00f6d \u00fcle 100. inimesele;<br \/>t\u00f6\u00f6tab mitmes erinevas Rootsi sadamas ning mitmetes paberivabrikutes ja puiduterminalides;<br \/>omab ja kasutab laadimist\u00f6\u00f6del \u00fcle 20 h\u00fcdraulilise materjalik\u00e4sitluse masina ja \u00fcle 20 rataslaaduri\/t\u00f5stuki;<br \/>omab ja kasutab laadimist\u00f6\u00f6del \u00fcle 10 spetsiaalveduki koos treileriga puidu- ja puiduhakke transportimiseks;<br \/>omab mobiilset masinate tehnilise hoolduse- ja remondiv\u00f5rku;<\/p>\t\t\t\t\t\t<\/div>\n\t\t\t\t<\/div>\n\t\t\t\t<\/div>\n\t\t<div class=\"elementor-element elementor-element-67bced18 e-con-full e-flex e-con e-child\" data-id=\"67bced18\" data-element_type=\"container\">\n\t\t\t\t<div class=\"elementor-element elementor-element-266663d0 elementor-widget elementor-widget-image\" data-id=\"266663d0\" data-element_type=\"widget\" data-widget_type=\"image.default\">\n\t\t\t\t<div class=\"elementor-widget-container\">\n\t\t\t<style>\/*! elementor - v3.23.0 - 25-07-2024 *\/\n.elementor-widget-image{text-align:center}.elementor-widget-image a{display:inline-block}.elementor-widget-image a img[src$=\".svg\"]{width:48px}.elementor-widget-image img{vertical-align:middle;display:inline-block}<\/style>\t\t\t\t\t\t\t\t\t\t<img fetchpriority=\"high\" decoding=\"async\" width=\"340\" height=\"190\" src=\"https:\/\/palgard.ee\/wp-content\/uploads\/2024\/03\/palgards_about.png\" class=\"attachment-large size-large wp-image-315\" alt=\"\" srcset=\"https:\/\/palgard.ee\/wp-content\/uploads\/2024\/03\/palgards_about.png 340w, https:\/\/palgard.ee\/wp-content\/uploads\/2024\/03\/palgards_about-300x168.png 300w, https:\/\/palgard.ee\/wp-content\/uploads\/2024\/03\/palgards_about-18x10.png 18w\" sizes=\"(max-width: 340px) 100vw, 340px\" \/>\t\t\t\t\t\t\t\t\t\t\t\t\t<\/div>\n\t\t\t\t<\/div>\n\t\t\t\t<div class=\"elementor-element elementor-element-78f0ef74 elementor-widget elementor-widget-button\" data-id=\"78f0ef74\" data-element_type=\"widget\" data-widget_type=\"button.default\">\n\t\t\t\t<div class=\"elementor-widget-container\">\n\t\t\t\t\t<div class=\"elementor-button-wrapper\">\n\t\t\t<a class=\"elementor-button elementor-button-link elementor-size-sm\" href=\"https:\/\/www.palgard.se\/\">\n\t\t\t\t\t\t<span class=\"elementor-button-content-wrapper\">\n\t\t\t\t\t\t<span class=\"elementor-button-icon\">\n\t\t\t\t<svg aria-hidden=\"true\" class=\"e-font-icon-svg e-fas-arrow-right\" viewbox=\"0 0 448 512\" xmlns=\"http:\/\/www.w3.org\/2000\/svg\"><path d=\"M190.5 66.9l22.2-22.2c9.4-9.4 24.6-9.4 33.9 0L441 239c9.4 9.4 9.4 24.6 0 33.9L246.6 467.3c-9.4 9.4-24.6 9.4-33.9 0l-22.2-22.2c-9.5-9.5-9.3-25 .4-34.3L311.4 296H24c-13.3 0-24-10.7-24-24v-32c0-13.3 10.7-24 24-24h287.4L190.9 101.2c-9.8-9.3-10-24.8-.4-34.3z\"><\/path><\/svg>\t\t\t<\/span>\n\t\t\t\t\t\t\t\t\t<span class=\"elementor-button-text\">palgard.se<\/span>\n\t\t\t\t\t<\/span>\n\t\t\t\t\t<\/a>\n\t\t<\/div>\n\t\t\t\t<\/div>\n\t\t\t\t<\/div>\n\t\t\t\t<\/div>\n\t\t\t\t\t<\/div>\n\t\t\t\t<\/div>\n\t\t\t\t<\/div>","protected":false},"excerpt":{"rendered":"<p>P\u00e5lg\u00e5rd &#038; S\u00f6ner Kran AB 50. aastate l\u00f5pus tekkis Skandinaavias vajadus uute laadimistehnoloogiate j\u00e4rele, mis tagaksid laevadelt \u00fcmarpuidu kiire ja kvaliteetse lossimise. Selleks oli vaja spetsiaalseid h\u00fcdraulilisi masinaid ja Ingemar P\u00e5lg\u00e5rd ehitas ekskavaatoritest \u00fcmber esimesed omalaadsed materjalik\u00e4sitlemismasinad ning alustas nendega t\u00f6\u00f6d Rootsi erinevates sadamates, puiduterminalides ja paberivabrikutes.\u00a0 Aastal\u00a01972\u00a0asutati ettev\u00f5te Rootsis,\u00a0P\u00e5lg\u00e5rd &amp; S\u00f6ner Kran AB, millest [&hellip;]<\/p>","protected":false},"author":1,"featured_media":0,"parent":41,"menu_order":0,"comment_status":"closed","ping_status":"closed","template":"elementor_header_footer","meta":{"inline_featured_image":false,"footnotes":""},"class_list":["post-334","page","type-page","status-publish","hentry"],"_links":{"self":[{"href":"https:\/\/palgard.ee\/en\/wp-json\/wp\/v2\/pages\/334","targetHints":{"allow":["GET"]}}],"collection":[{"href":"https:\/\/palgard.ee\/en\/wp-json\/wp\/v2\/pages"}],"about":[{"href":"https:\/\/palgard.ee\/en\/wp-json\/wp\/v2\/types\/page"}],"author":[{"embeddable":true,"href":"https:\/\/palgard.ee\/en\/wp-json\/wp\/v2\/users\/1"}],"replies":[{"embeddable":true,"href":"https:\/\/palgard.ee\/en\/wp-json\/wp\/v2\/comments?post=334"}],"version-history":[{"count":4,"href":"https:\/\/palgard.ee\/en\/wp-json\/wp\/v2\/pages\/334\/revisions"}],"predecessor-version":[{"id":338,"href":"https:\/\/palgard.ee\/en\/wp-json\/wp\/v2\/pages\/334\/revisions\/338"}],"up":[{"embeddable":true,"href":"https:\/\/palgard.ee\/en\/wp-json\/wp\/v2\/pages\/41"}],"wp:attachment":[{"href":"https:\/\/palgard.ee\/en\/wp-json\/wp\/v2\/media?parent=334"}],"curies":[{"name":"wp","href":"https:\/\/api.w.org\/{rel}","templated":true}]}}