{"id":305,"date":"2024-02-15T12:08:52","date_gmt":"2024-02-15T12:08:52","guid":{"rendered":"https:\/\/jm.ee\/pkg\/?page_id=305"},"modified":"2024-03-26T09:50:33","modified_gmt":"2024-03-26T09:50:33","slug":"scanbalt-crane","status":"publish","type":"page","link":"https:\/\/palgard.ee\/en\/meist\/scanbalt-crane\/","title":{"rendered":"Scanbalt Crane"},"content":{"rendered":"<div data-elementor-type=\"wp-page\" data-elementor-id=\"305\" class=\"elementor elementor-305\" data-elementor-post-type=\"page\">\n\t\t\t\t<div class=\"elementor-element elementor-element-0b473db e-flex e-con-boxed e-con e-parent\" data-id=\"0b473db\" data-element_type=\"container\">\n\t\t\t\t\t<div class=\"e-con-inner\">\n\t\t\t\t<div class=\"elementor-element elementor-element-f762b22 elementor-widget elementor-widget-button\" data-id=\"f762b22\" data-element_type=\"widget\" data-widget_type=\"button.default\">\n\t\t\t\t<div class=\"elementor-widget-container\">\n\t\t\t\t\t<div class=\"elementor-button-wrapper\">\n\t\t\t<a class=\"elementor-button elementor-button-link elementor-size-sm\" href=\"https:\/\/palgard.ee\/en\/meist\/\">\n\t\t\t\t\t\t<span class=\"elementor-button-content-wrapper\">\n\t\t\t\t\t\t<span class=\"elementor-button-icon\">\n\t\t\t\t<svg aria-hidden=\"true\" class=\"e-font-icon-svg e-fas-arrow-left\" viewbox=\"0 0 448 512\" xmlns=\"http:\/\/www.w3.org\/2000\/svg\"><path d=\"M257.5 445.1l-22.2 22.2c-9.4 9.4-24.6 9.4-33.9 0L7 273c-9.4-9.4-9.4-24.6 0-33.9L201.4 44.7c9.4-9.4 24.6-9.4 33.9 0l22.2 22.2c9.5 9.5 9.3 25-.4 34.3L136.6 216H424c13.3 0 24 10.7 24 24v32c0 13.3-10.7 24-24 24H136.6l120.5 114.8c9.8 9.3 10 24.8.4 34.3z\"><\/path><\/svg>\t\t\t<\/span>\n\t\t\t\t\t\t\t\t\t<span class=\"elementor-button-text\">Tagasi<\/span>\n\t\t\t\t\t<\/span>\n\t\t\t\t\t<\/a>\n\t\t<\/div>\n\t\t\t\t<\/div>\n\t\t\t\t<\/div>\n\t\t\t\t\t<\/div>\n\t\t\t\t<\/div>\n\t\t<div class=\"elementor-element elementor-element-3ae4e7e e-flex e-con-boxed e-con e-parent\" data-id=\"3ae4e7e\" data-element_type=\"container\">\n\t\t\t\t\t<div class=\"e-con-inner\">\n\t\t<div class=\"elementor-element elementor-element-86b6c3e e-con-full e-flex e-con e-child\" data-id=\"86b6c3e\" data-element_type=\"container\">\n\t\t\t\t<div class=\"elementor-element elementor-element-126b757 elementor-widget elementor-widget-heading\" data-id=\"126b757\" data-element_type=\"widget\" data-widget_type=\"heading.default\">\n\t\t\t\t<div class=\"elementor-widget-container\">\n\t\t\t<style>\/*! elementor - v3.23.0 - 25-07-2024 *\/\n.elementor-heading-title{padding:0;margin:0;line-height:1}.elementor-widget-heading .elementor-heading-title[class*=elementor-size-]>a{color:inherit;font-size:inherit;line-height:inherit}.elementor-widget-heading .elementor-heading-title.elementor-size-small{font-size:15px}.elementor-widget-heading .elementor-heading-title.elementor-size-medium{font-size:19px}.elementor-widget-heading .elementor-heading-title.elementor-size-large{font-size:29px}.elementor-widget-heading .elementor-heading-title.elementor-size-xl{font-size:39px}.elementor-widget-heading .elementor-heading-title.elementor-size-xxl{font-size:59px}<\/style><h2 class=\"elementor-heading-title elementor-size-default\">ScanBalt Crane O\u00dc<\/h2>\t\t<\/div>\n\t\t\t\t<\/div>\n\t\t\t\t<div class=\"elementor-element elementor-element-9945634 elementor-widget elementor-widget-text-editor\" data-id=\"9945634\" data-element_type=\"widget\" data-widget_type=\"text-editor.default\">\n\t\t\t\t<div class=\"elementor-widget-container\">\n\t\t\t<style>\/*! elementor - v3.23.0 - 25-07-2024 *\/\n.elementor-widget-text-editor.elementor-drop-cap-view-stacked .elementor-drop-cap{background-color:#69727d;color:#fff}.elementor-widget-text-editor.elementor-drop-cap-view-framed .elementor-drop-cap{color:#69727d;border:3px solid;background-color:transparent}.elementor-widget-text-editor:not(.elementor-drop-cap-view-default) .elementor-drop-cap{margin-top:8px}.elementor-widget-text-editor:not(.elementor-drop-cap-view-default) .elementor-drop-cap-letter{width:1em;height:1em}.elementor-widget-text-editor .elementor-drop-cap{float:left;text-align:center;line-height:1;font-size:50px}.elementor-widget-text-editor .elementor-drop-cap-letter{display:inline-block}<\/style>\t\t\t\t<p class=\" translation-block\"><b>ScanBalt Crane O\u00dc<\/b> is an enterprise founded in 2000 that sells, leases out and provides maintenance for material handling machines, cranes and their additional devices. During the years of its existence, the company has sold a substantial amount of material handling machines and devices in its sales region.<\/p><p class=\" translation-block\">The geographical sales areas of ScanBalt Crane O\u00dc are the <b>Baltic States.<\/b>&nbsp;The headquarters of the enterprise are located in Tallinn while its sales representations and maintenance points cover all the Baltic States.<\/p><p>Key indicators of ScanBalt Crane O\u00dc<br \/>employs 10 persons;<br \/>owns and leases out to its clients hydraulic material handling machines;<br \/>owns mobile machine maintenance and repair units in the Baltic States.<\/p><p>Represented trademarks:<\/p><div class=\"card-blog__content\"><div class=\"card-blog__description text\"><ul><li class=\"paragraph translation-block\">Hydraulic material handling machines, telescopic, port and building site cranes from <b>SENNEBOGEN<\/b><\/li><li class=\"paragraph translation-block\">Hydraulic, mechanical and electrical grabs, scoops, loader grapples, etc., from <b>SMAG PIENER<\/b>, <b>DYNASET<\/b> and <b>EXPERT BALTIC O\u00dc<\/b><\/li><li class=\"paragraph translation-block\">Mobile woodchippers from <b>ALBACH<\/b> and <b>W\u00dcST<\/b><\/li><li class=\"paragraph\">Shredding and plant technology for the recycling industry.from <b>HAAS<\/b> and market leading screening technology from <b>ECOSTAR<\/b> <strong>HAAS <\/strong>ning suurep\u00e4rased s\u00f5elumislahendused firmalt <strong>ECOSTAR<\/strong><\/li><li class=\"paragraph\">Camera monitoring systems for mobile machines from <b>MOTEC<\/b> <strong>MOTEC<\/strong><\/li><\/ul><\/div><\/div><div class=\"card-blog__content\"><div class=\"card-blog__description text\"><div class=\"card-blog__content\"><div class=\"card-blog__description text\"><p>\u00a0<\/p><\/div><\/div><\/div><\/div>\t\t\t\t\t\t<\/div>\n\t\t\t\t<\/div>\n\t\t\t\t<\/div>\n\t\t<div class=\"elementor-element elementor-element-8f14711 e-con-full e-flex e-con e-child\" data-id=\"8f14711\" data-element_type=\"container\">\n\t\t\t\t<div class=\"elementor-element elementor-element-6fcaf59 elementor-widget elementor-widget-image\" data-id=\"6fcaf59\" data-element_type=\"widget\" data-widget_type=\"image.default\">\n\t\t\t\t<div class=\"elementor-widget-container\">\n\t\t\t<style>\/*! elementor - v3.23.0 - 25-07-2024 *\/\n.elementor-widget-image{text-align:center}.elementor-widget-image a{display:inline-block}.elementor-widget-image a img[src$=\".svg\"]{width:48px}.elementor-widget-image img{vertical-align:middle;display:inline-block}<\/style>\t\t\t\t\t\t\t\t\t\t<img fetchpriority=\"high\" decoding=\"async\" width=\"340\" height=\"190\" src=\"https:\/\/palgard.ee\/wp-content\/uploads\/2024\/03\/sbc_about.png\" class=\"attachment-large size-large wp-image-317\" alt=\"\" srcset=\"https:\/\/palgard.ee\/wp-content\/uploads\/2024\/03\/sbc_about.png 340w, https:\/\/palgard.ee\/wp-content\/uploads\/2024\/03\/sbc_about-300x168.png 300w, https:\/\/palgard.ee\/wp-content\/uploads\/2024\/03\/sbc_about-18x10.png 18w\" sizes=\"(max-width: 340px) 100vw, 340px\" \/>\t\t\t\t\t\t\t\t\t\t\t\t\t<\/div>\n\t\t\t\t<\/div>\n\t\t\t\t<div class=\"elementor-element elementor-element-44e1657 elementor-widget elementor-widget-button\" data-id=\"44e1657\" data-element_type=\"widget\" data-widget_type=\"button.default\">\n\t\t\t\t<div class=\"elementor-widget-container\">\n\t\t\t\t\t<div class=\"elementor-button-wrapper\">\n\t\t\t<a class=\"elementor-button elementor-button-link elementor-size-sm\" href=\"https:\/\/scanbaltcrane.com\">\n\t\t\t\t\t\t<span class=\"elementor-button-content-wrapper\">\n\t\t\t\t\t\t<span class=\"elementor-button-icon\">\n\t\t\t\t<svg aria-hidden=\"true\" class=\"e-font-icon-svg e-fas-arrow-right\" viewbox=\"0 0 448 512\" xmlns=\"http:\/\/www.w3.org\/2000\/svg\"><path d=\"M190.5 66.9l22.2-22.2c9.4-9.4 24.6-9.4 33.9 0L441 239c9.4 9.4 9.4 24.6 0 33.9L246.6 467.3c-9.4 9.4-24.6 9.4-33.9 0l-22.2-22.2c-9.5-9.5-9.3-25 .4-34.3L311.4 296H24c-13.3 0-24-10.7-24-24v-32c0-13.3 10.7-24 24-24h287.4L190.9 101.2c-9.8-9.3-10-24.8-.4-34.3z\"><\/path><\/svg>\t\t\t<\/span>\n\t\t\t\t\t\t\t\t\t<span class=\"elementor-button-text\">scanbaltcrane.com<\/span>\n\t\t\t\t\t<\/span>\n\t\t\t\t\t<\/a>\n\t\t<\/div>\n\t\t\t\t<\/div>\n\t\t\t\t<\/div>\n\t\t\t\t<\/div>\n\t\t\t\t\t<\/div>\n\t\t\t\t<\/div>\n\t\t\t\t<\/div>","protected":false},"excerpt":{"rendered":"<p>Tagasi ScanBalt Crane O\u00dc ScanBalt Crane O\u00dc\u00a0on 2000 aastal loodud materjalik\u00e4sitlusmasinate, kraanade ja nende lisaseadmete m\u00fc\u00fcgi-, rendi ja tehnilise hooldusega tegelev ettev\u00f5te. Nende aastate jooksul on oma m\u00fc\u00fcgipiirkonnas m\u00fc\u00fcdud arvestatav hulk materjalik\u00e4sitluse masinaid ja seadmeid. ScanBalt Crane O\u00dc geograafilisteks turustuspiirkondadeks on Eesti, L\u00e4ti ja Leedu.Ettev\u00f5tte peakontor asub Tallinnas, m\u00fc\u00fcgiesindused ja hoolduspunktid katavad Balti riigid. ScanBalt [&hellip;]<\/p>","protected":false},"author":1,"featured_media":0,"parent":41,"menu_order":0,"comment_status":"closed","ping_status":"closed","template":"elementor_header_footer","meta":{"inline_featured_image":false,"footnotes":""},"class_list":["post-305","page","type-page","status-publish","hentry"],"_links":{"self":[{"href":"https:\/\/palgard.ee\/en\/wp-json\/wp\/v2\/pages\/305","targetHints":{"allow":["GET"]}}],"collection":[{"href":"https:\/\/palgard.ee\/en\/wp-json\/wp\/v2\/pages"}],"about":[{"href":"https:\/\/palgard.ee\/en\/wp-json\/wp\/v2\/types\/page"}],"author":[{"embeddable":true,"href":"https:\/\/palgard.ee\/en\/wp-json\/wp\/v2\/users\/1"}],"replies":[{"embeddable":true,"href":"https:\/\/palgard.ee\/en\/wp-json\/wp\/v2\/comments?post=305"}],"version-history":[{"count":13,"href":"https:\/\/palgard.ee\/en\/wp-json\/wp\/v2\/pages\/305\/revisions"}],"predecessor-version":[{"id":380,"href":"https:\/\/palgard.ee\/en\/wp-json\/wp\/v2\/pages\/305\/revisions\/380"}],"up":[{"embeddable":true,"href":"https:\/\/palgard.ee\/en\/wp-json\/wp\/v2\/pages\/41"}],"wp:attachment":[{"href":"https:\/\/palgard.ee\/en\/wp-json\/wp\/v2\/media?parent=305"}],"curies":[{"name":"wp","href":"https:\/\/api.w.org\/{rel}","templated":true}]}}